{"id":343,"date":"2018-11-14T08:41:41","date_gmt":"2018-11-14T08:41:41","guid":{"rendered":"http:\/\/localhost\/industro\/?page_id=343"},"modified":"2023-01-30T16:57:54","modified_gmt":"2023-01-30T16:57:54","slug":"our-services","status":"publish","type":"page","link":"https:\/\/stampamoldes.com\/site\/our-services\/","title":{"rendered":"Servicios"},"content":{"rendered":"<p>[vc_row css=&#8221;.vc_custom_1542185182134{padding-top: 100px !important;padding-bottom: 100px !important;background-color: #f7f7f7 !important;}&#8221;][vc_column][vc_column_text css=&#8221;.vc_custom_1669058305714{margin-bottom: 70px !important;}&#8221;]<\/p>\n<p class=\"subtitle\">SOLUCIONES PERFECTAS PARA LA INDUSTRIA<\/p>\n<h2>Nuestros Servicios<\/h2>\n<p>[\/vc_column_text][\/vc_column][vc_column width=&#8221;1\/2&#8243; offset=&#8221;vc_col-md-3&#8243;]\n    <div class=\"service-box \">\n        <img decoding=\"async\" src=\"https:\/\/stampamoldes.com\/site\/wp-content\/uploads\/2023\/01\/stampa_servicios1.jpg\" alt=\"service\">        <div class=\"content-box\">\n            <h5>Dise\u00f1o<\/h5>\n            <p>STAMPA cuenta con un departamento de dise\u00f1o que busca ser tangible las ideas de sus Clientes ya se a un bosquejo, un prototipo o una idea detallada el concepto de nuestros Clientes es tra\u00eddo a la realidad virtual sin importar lo pr\u00e1ctico o lo creativo de sus ideas para as\u00ed ser verificado y aceptado.<\/p>\n<p>Partiendo de un bosquejo ayudamos a desarrollar la idea de nuestros Clientes la cual puede ser solicitada para su revisi\u00f3n, todo esto con el objetivo de que nuestros Clientes est\u00e9n satisfechos con su producto.<\/p>\n<p>Si el concepto que nuestro Cliente busca requiere ciertas caracter\u00edsticas podemos ayudarlo desarrollando este concepto.<\/p>\n<p>Nuestros Clientes tambi\u00e9n pueden decidir entregarnos las especificaciones que desean en un modelo digital CAD, modelo del cual se partir\u00e1 para el dise\u00f1o del molde con la pieza que Usted requiera.<\/p>\n<p>No importan desde donde comencemos, nuestros Clientes pueden obtener im\u00e1genes de alta calidad que muestren las caracter\u00edsticas finales del modelo que busca obtener.<\/p>\n                    <\/div>\n    <\/div>\n\n    [vc_empty_space height=&#8221;40px&#8221; el_class=&#8221;lg-hidden&#8221;][\/vc_column][vc_column width=&#8221;1\/2&#8243; offset=&#8221;vc_col-md-3&#8243;]\n    <div class=\"service-box \">\n        <img decoding=\"async\" src=\"https:\/\/stampamoldes.com\/site\/wp-content\/uploads\/2023\/01\/stampa_servicios3_2.jpg\" alt=\"service\">        <div class=\"content-box\">\n            <h5>Manufactura<\/h5>\n            <p>STAMPA cuenta con una amplia infraestructura como son:<\/p>\n<ul>\n<li>Centros de maquinado<\/li>\n<li>Copiadoras<\/li>\n<li>Pant\u00f3grafos<\/li>\n<li>Tornos<\/li>\n<li>Cepillos<\/li>\n<li>Fresadora<\/li>\n<li>Grabados en \u00e1cido<\/li>\n<li>Piezas Erosionadas<\/li>\n<li>Soldadura<\/li>\n<\/ul>\n<p>Para poder hacer realidad sus proyectos STAMPA cuenta con lo mejor tecnolog\u00eda en dise\u00f1o y maquinado, ofreciendo as\u00ed a nuestros clientes moldes y piezas de gran precisi\u00f3n y la capacidad de fabricaci\u00f3n en serie dentro de un periodo de tiempo reducido.<\/p>\n<p>Tambi\u00e9n podemos adecuar el acabado de la pieza o del molde ya sean \u00e9stos de metales no ferrosos o de acero mediante grabados en \u00e1cido.<\/p>\n<p>La precisi\u00f3n que STAMPA ofrece a sus Clientes va de la mano con las aplicaciones de cualquier sector industrial desde el sector calzado hasta la industria automotriz, perm\u00edtanos hacerle una prueba y se sorprender\u00e1 al ver los resultados.<\/p>\n                    <\/div>\n    <\/div>\n\n    [vc_empty_space height=&#8221;40px&#8221; el_class=&#8221;lg-hidden&#8221;][\/vc_column][vc_column width=&#8221;1\/2&#8243; offset=&#8221;vc_col-md-3&#8243;]\n    <div class=\"service-box \">\n        <img decoding=\"async\" src=\"https:\/\/stampamoldes.com\/site\/wp-content\/uploads\/2023\/01\/stampa_servicios4.jpg\" alt=\"service\">        <div class=\"content-box\">\n            <h5>Reparaciones<\/h5>\n            <p>Para ofrecer a nuestros Clientes, un servicio de reparaci\u00f3n de calidad contamos con el personal y un equipo especializado.<\/p>\n<p>Adem\u00e1s tenemos un equipo de soldadora tig o microalambre, el cual nos permite soldar tanto en aluminio como en acero sin afectar al molde con porosidades o escoria.<\/p>\n<p>Algunas de las reparaciones que realizamos son:<\/p>\n<ul>\n<li>moldes machucados<\/li>\n<li>cortadores rotos<\/li>\n<li>cambios de inyecci\u00f3n<\/li>\n<li>puesta de salidas de aire<\/li>\n<li>cierres<\/li>\n<li>samblasteado de moldes y mucho m\u00e1s<\/li>\n<\/ul>\n<p>Dependiendo de la severidad del da\u00f1o haremos lo posible para tener la reparaci\u00f3n en un lapso no mayor a un d\u00eda p\u00f3ngannos los retos que nosotros pondremos las soluciones.<\/p>\n                    <\/div>\n    <\/div>\n\n    [vc_empty_space height=&#8221;40px&#8221; el_class=&#8221;lg-hidden md-hidden&#8221;][\/vc_column][vc_column width=&#8221;1\/2&#8243; offset=&#8221;vc_col-md-3&#8243;]\n    <div class=\"service-box \">\n        <img decoding=\"async\" src=\"https:\/\/stampamoldes.com\/site\/wp-content\/uploads\/2023\/01\/stampa_servicios4_1.jpg\" alt=\"service\">        <div class=\"content-box\">\n            <h5>Productos<\/h5>\n            <p><\/p>\n<ul>\n<li>Moldes<\/li>\n<li>Calzado<\/li>\n<li>Soplado<\/li>\n<li>Piezas mecanizadas<\/li>\n<\/ul>\n<p><\/p>\n                    <\/div>\n    <\/div>\n\n    [\/vc_column][vc_column][\/vc_column][\/vc_row][vc_row el_class=&#8221;bg-primary call-to-action&#8221; css=&#8221;.vc_custom_1542184444490{padding-top: 52px !important;padding-bottom: 52px !important;}&#8221;][vc_column offset=&#8221;vc_col-md-8&#8243;][vc_custom_heading text=&#8221;La experiencia a su servicio&#8221; font_container=&#8221;tag:h3|text_align:left|color:%23ffffff&#8221; use_theme_fonts=&#8221;yes&#8221; css=&#8221;.vc_custom_1669055818564{margin-top: 10px !important;margin-bottom: 0px !important;}&#8221;][\/vc_column][vc_column offset=&#8221;vc_col-md-4&#8243;]\n    <div class=\"text-right\">\n        <a class=\"btn btn-medium btn-light  \" href=\"#\" style=\"\">Cont\u00e1ctenos<\/a>\n    <\/div>\n\n    [\/vc_column][\/vc_row]<\/p>\n","protected":false},"excerpt":{"rendered":"<p>[vc_row css=&#8221;.vc_custom_1542185182134{padding-top: 100px !important;padding-bottom: 100px !important;background-color: #f7f7f7 !important;}&#8221;][vc_column][vc_column_text css=&#8221;.vc_custom_1669058305714{margin-bottom: 70px !important;}&#8221;] SOLUCIONES PERFECTAS PARA LA INDUSTRIA Nuestros Servicios [\/vc_column_text][\/vc_column][vc_column width=&#8221;1\/2&#8243; offset=&#8221;vc_col-md-3&#8243;][vc_empty_space height=&#8221;40px&#8221; el_class=&#8221;lg-hidden&#8221;][\/vc_column][vc_column width=&#8221;1\/2&#8243; offset=&#8221;vc_col-md-3&#8243;][vc_empty_space height=&#8221;40px&#8221; el_class=&#8221;lg-hidden&#8221;][\/vc_column][vc_column width=&#8221;1\/2&#8243; offset=&#8221;vc_col-md-3&#8243;][vc_empty_space height=&#8221;40px&#8221; el_class=&#8221;lg-hidden md-hidden&#8221;][\/vc_column][vc_column width=&#8221;1\/2&#8243; offset=&#8221;vc_col-md-3&#8243;][\/vc_column][vc_column][\/vc_column][\/vc_row][vc_row el_class=&#8221;bg-primary call-to-action&#8221; css=&#8221;.vc_custom_1542184444490{padding-top: 52px !important;padding-bottom: 52px !important;}&#8221;][vc_column offset=&#8221;vc_col-md-8&#8243;][vc_custom_heading text=&#8221;La experiencia a su servicio&#8221; font_container=&#8221;tag:h3|text_align:left|color:%23ffffff&#8221; use_theme_fonts=&#8221;yes&#8221; css=&#8221;.vc_custom_1669055818564{margin-top: 10px !important;margin-bottom: 0px !important;}&#8221;][\/vc_column][vc_column offset=&#8221;vc_col-md-4&#8243;][\/vc_column][\/vc_row]<\/p>\n","protected":false},"author":1,"featured_media":0,"parent":0,"menu_order":0,"comment_status":"closed","ping_status":"closed","template":"","meta":{"_joinchat":[],"footnotes":""},"class_list":["post-343","page","type-page","status-publish","hentry"],"_links":{"self":[{"href":"https:\/\/stampamoldes.com\/site\/wp-json\/wp\/v2\/pages\/343","targetHints":{"allow":["GET"]}}],"collection":[{"href":"https:\/\/stampamoldes.com\/site\/wp-json\/wp\/v2\/pages"}],"about":[{"href":"https:\/\/stampamoldes.com\/site\/wp-json\/wp\/v2\/types\/page"}],"author":[{"embeddable":true,"href":"https:\/\/stampamoldes.com\/site\/wp-json\/wp\/v2\/users\/1"}],"replies":[{"embeddable":true,"href":"https:\/\/stampamoldes.com\/site\/wp-json\/wp\/v2\/comments?post=343"}],"version-history":[{"count":17,"href":"https:\/\/stampamoldes.com\/site\/wp-json\/wp\/v2\/pages\/343\/revisions"}],"predecessor-version":[{"id":1121,"href":"https:\/\/stampamoldes.com\/site\/wp-json\/wp\/v2\/pages\/343\/revisions\/1121"}],"wp:attachment":[{"href":"https:\/\/stampamoldes.com\/site\/wp-json\/wp\/v2\/media?parent=343"}],"curies":[{"name":"wp","href":"https:\/\/api.w.org\/{rel}","templated":true}]}}