{"id":173,"date":"2018-11-07T07:34:16","date_gmt":"2018-11-07T07:34:16","guid":{"rendered":"http:\/\/localhost\/industro\/?page_id=173"},"modified":"2023-02-20T16:35:49","modified_gmt":"2023-02-20T16:35:49","slug":"about-us","status":"publish","type":"page","link":"https:\/\/stampamoldes.com\/site\/about-us\/","title":{"rendered":"Quienes Somos"},"content":{"rendered":"<p>[vc_row css=&#8221;.vc_custom_1541576403059{padding-top: 100px !important;padding-bottom: 100px !important;}&#8221;][vc_column offset=&#8221;vc_col-md-6&#8243;][vc_custom_heading text=&#8221;Estamos en constante evoluci\u00f3n.&#8221; font_container=&#8221;tag:p|font_size:60px|text_align:left|color:%230a0f2b|line_height:68px&#8221; google_fonts=&#8221;font_family:Roboto%3A100%2C100italic%2C300%2C300italic%2Cregular%2Citalic%2C500%2C500italic%2C700%2C700italic%2C900%2C900italic|font_style:300%20light%20regular%3A300%3Anormal&#8221; css=&#8221;.vc_custom_1668028628889{margin-bottom: 50px !important;}&#8221;][\/vc_column][vc_column offset=&#8221;vc_col-md-6&#8243;][vc_row_inner][vc_column_inner width=&#8221;1\/2&#8243;]\n    <div class=\"icon-box  \">\n                <img decoding=\"async\" src=\"https:\/\/stampamoldes.com\/site\/wp-content\/uploads\/2018\/11\/team.png\" alt=\"icon\">        <div class=\"content-box\">\n            <h5>Equipo Dedicado<\/h5>\n            <p>Trabajamos en conjunto para atender sus necesidades, dando especial atenci\u00f3n en personalizar su experiencia con nosotros.<\/p>\n                    <\/div>\n    <\/div>\n\n    [vc_empty_space height=&#8221;50px&#8221;]\n    <div class=\"icon-box  \">\n                <img decoding=\"async\" src=\"https:\/\/stampamoldes.com\/site\/wp-content\/uploads\/2018\/11\/team-global.png\" alt=\"icon\">        <div class=\"content-box\">\n            <h5>Experiencia y Preparaci\u00f3n<\/h5>\n            <p>Siempre en constante actualizaci\u00f3n, buscando las tendencias a nivel global, para ofrecerle dise\u00f1o y materiales actuales.<\/p>\n                    <\/div>\n    <\/div>\n\n    [vc_empty_space height=&#8221;50px&#8221; el_class=&#8221;lg-hidden md-hidden&#8221;][\/vc_column_inner][vc_column_inner width=&#8221;1\/2&#8243;]\n    <div class=\"icon-box  \">\n                <img decoding=\"async\" src=\"https:\/\/stampamoldes.com\/site\/wp-content\/uploads\/2018\/11\/handshake.png\" alt=\"icon\">        <div class=\"content-box\">\n            <h5>Trabajamos para y con usted<\/h5>\n            <p>Nuestro departamento de dise\u00f1o trabaja de cerca con usted para lograr el molde exactamente como usted lo necesita.<\/p>\n                    <\/div>\n    <\/div>\n\n    [vc_empty_space height=&#8221;50px&#8221;]\n    <div class=\"icon-box  \">\n                <img decoding=\"async\" src=\"https:\/\/stampamoldes.com\/site\/wp-content\/uploads\/2018\/11\/idea.png\" alt=\"icon\">        <div class=\"content-box\">\n            <h5>Enfocados en la Innovaci\u00f3n<\/h5>\n            <p>Nuestro sentido de preparaci\u00f3n constante, nos impulsa a buscar siempre las tendencias en el mercado, innovando en los procesos.<\/p>\n                    <\/div>\n    <\/div>\n\n    [\/vc_column_inner][\/vc_row_inner][\/vc_column][\/vc_row][vc_row css=&#8221;.vc_custom_1541754689598{padding-top: 65px !important;background-color: #f7f7f7 !important;}&#8221;][vc_column offset=&#8221;vc_col-md-6&#8243;][vc_single_image image=&#8221;1122&#8243; img_size=&#8221;full&#8221; alignment=&#8221;center&#8221; css=&#8221;.vc_custom_1674872832189{margin-bottom: 0px !important;}&#8221; el_class=&#8221;lg-left-100&#8243;][\/vc_column][vc_column offset=&#8221;vc_col-md-6&#8243;][vc_custom_heading text=&#8221;Generamos un impacto positivo en nuestros clientes&#8221; use_theme_fonts=&#8221;yes&#8221; css=&#8221;.vc_custom_1670891416263{margin-top: 55px !important;margin-bottom: 40px !important;}&#8221; el_class=&#8221;lg-right70&#8243;][vc_tta_accordion c_icon=&#8221;chevron&#8221; c_position=&#8221;right&#8221; active_section=&#8221;1&#8243; el_class=&#8221;lg-right70&#8243; css=&#8221;.vc_custom_1541733889119{padding-bottom: 100px !important;}&#8221;][vc_tta_section title=&#8221;Estrategia y Modernidad&#8221; tab_id=&#8221;1541663324651-dac0965b-bd42&#8243;][vc_column_text]Tenemos una historia distinguida de alto rendimiento en la fabricaci\u00f3n de moldes. Nuestra estrategia apoya a la industria, brindamos una experiencia excepcional con la que colaboramos a darle calidad a los productos de nuestros clientes.[\/vc_column_text][\/vc_tta_section][vc_tta_section title=&#8221;Liderazgo&#8221; tab_id=&#8221;1541663906010-6929d03e-de32&#8243;][vc_column_text]Somos una empresa l\u00edder en el mercado de la elaboraci\u00f3n, reparaci\u00f3n y dise\u00f1o de moldes.[\/vc_column_text][\/vc_tta_section][vc_tta_section title=&#8221;Prioridades&#8221; tab_id=&#8221;1541663903167-cbc44aee-22e4&#8243;][vc_column_text]La minuciosa fabricaci\u00f3n de nuestros productos para lograr la completa satisfacci\u00f3n de nuestros clientes, es nuestra prioridad.[\/vc_column_text][\/vc_tta_section][\/vc_tta_accordion][\/vc_column][\/vc_row][vc_row css=&#8221;.vc_custom_1542017337701{padding-top: 100px !important;padding-bottom: 80px !important;}&#8221;][vc_column][vc_column_text css=&#8221;.vc_custom_1668029120078{margin-bottom: 90px !important;}&#8221;]<\/p>\n<p class=\"subtitle\">COMO TRABAJAMOS<\/p>\n<h2>Nuestro proceso de trabajo<\/h2>\n<p>[\/vc_column_text]\n    <div class=\"process \">\n                <div class=\"steps active\">\n            <i class=\"p-icon flaticon-result\"><\/i>\n            <div class=\"step-content\">\n                <h5>Recibimos su proyecto<\/h5>\n                <p>Partimos de su idea y su necesidad, analizamos las diferentes opciones, y proponemos la mejor soluci\u00f3n para su producto.<\/p>\n            <\/div>\n        <\/div>\n                <div class=\"steps \">\n            <i class=\"p-icon flaticon-jigsaw\"><\/i>\n            <div class=\"step-content\">\n                <h5>Desarrollamos y Proponemos<\/h5>\n                <p>En base a sus requerimientos, dise\u00f1amos alternativas que sean satisfactorias para sus necesidades.<\/p>\n            <\/div>\n        <\/div>\n                <div class=\"steps \">\n            <i class=\"p-icon flaticon-gears-1\"><\/i>\n            <div class=\"step-content\">\n                <h5>Elaboramos su producto<\/h5>\n                <p>Elaboraci\u00f3n de su producto con la m\u00e1s alta calidad en materiales y procesos de fabricaci\u00f3n.<\/p>\n            <\/div>\n        <\/div>\n                <div class=\"steps \">\n            <i class=\"p-icon flaticon-rocket-ship\"><\/i>\n            <div class=\"step-content\">\n                <h5>Entrega<\/h5>\n                <p>Nuestro objetivo es que su producto sea entregado con la plena satisfacci\u00f3n y confianza de que lo que usted adquiera, est\u00e1 garantizado.<\/p>\n            <\/div>\n        <\/div>\n            <\/div>\n\n    [\/vc_column][\/vc_row][vc_row el_class=&#8221;bg-primary call-to-action&#8221; css=&#8221;.vc_custom_1542184444490{padding-top: 52px !important;padding-bottom: 52px !important;}&#8221;][vc_column offset=&#8221;vc_col-md-8&#8243;][vc_custom_heading text=&#8221;Impulsados por los valores, entregamos su visi\u00f3n.&#8221; font_container=&#8221;tag:h3|text_align:left|color:%23ffffff&#8221; use_theme_fonts=&#8221;yes&#8221; css=&#8221;.vc_custom_1670889761591{margin-top: 10px !important;margin-bottom: 0px !important;}&#8221;][\/vc_column][vc_column offset=&#8221;vc_col-md-4&#8243;]\n    <div class=\"text-right\">\n        <a class=\"btn btn-medium btn-light  \" href=\"https:\/\/stampamoldes.com\/site\/contact\/\" style=\"\">Cont\u00e1ctenos<\/a>\n    <\/div>\n\n    [\/vc_column][\/vc_row]<\/p>\n","protected":false},"excerpt":{"rendered":"<p>[vc_row css=&#8221;.vc_custom_1541576403059{padding-top: 100px !important;padding-bottom: 100px !important;}&#8221;][vc_column offset=&#8221;vc_col-md-6&#8243;][vc_custom_heading text=&#8221;Estamos en constante evoluci\u00f3n.&#8221; font_container=&#8221;tag:p|font_size:60px|text_align:left|color:%230a0f2b|line_height:68px&#8221; google_fonts=&#8221;font_family:Roboto%3A100%2C100italic%2C300%2C300italic%2Cregular%2Citalic%2C500%2C500italic%2C700%2C700italic%2C900%2C900italic|font_style:300%20light%20regular%3A300%3Anormal&#8221; css=&#8221;.vc_custom_1668028628889{margin-bottom: 50px !important;}&#8221;][\/vc_column][vc_column offset=&#8221;vc_col-md-6&#8243;][vc_row_inner][vc_column_inner width=&#8221;1\/2&#8243;][vc_empty_space height=&#8221;50px&#8221;][vc_empty_space height=&#8221;50px&#8221; el_class=&#8221;lg-hidden md-hidden&#8221;][\/vc_column_inner][vc_column_inner width=&#8221;1\/2&#8243;][vc_empty_space height=&#8221;50px&#8221;][\/vc_column_inner][\/vc_row_inner][\/vc_column][\/vc_row][vc_row css=&#8221;.vc_custom_1541754689598{padding-top: 65px !important;background-color: #f7f7f7 !important;}&#8221;][vc_column offset=&#8221;vc_col-md-6&#8243;][vc_single_image image=&#8221;1122&#8243; img_size=&#8221;full&#8221; alignment=&#8221;center&#8221; css=&#8221;.vc_custom_1674872832189{margin-bottom: 0px !important;}&#8221; el_class=&#8221;lg-left-100&#8243;][\/vc_column][vc_column offset=&#8221;vc_col-md-6&#8243;][vc_custom_heading text=&#8221;Generamos un impacto positivo en nuestros clientes&#8221; use_theme_fonts=&#8221;yes&#8221; css=&#8221;.vc_custom_1670891416263{margin-top: 55px !important;margin-bottom: 40px !important;}&#8221; el_class=&#8221;lg-right70&#8243;][vc_tta_accordion c_icon=&#8221;chevron&#8221; c_position=&#8221;right&#8221; active_section=&#8221;1&#8243; [&hellip;]<\/p>\n","protected":false},"author":1,"featured_media":0,"parent":0,"menu_order":0,"comment_status":"closed","ping_status":"closed","template":"","meta":{"_joinchat":[],"footnotes":""},"class_list":["post-173","page","type-page","status-publish","hentry"],"_links":{"self":[{"href":"https:\/\/stampamoldes.com\/site\/wp-json\/wp\/v2\/pages\/173","targetHints":{"allow":["GET"]}}],"collection":[{"href":"https:\/\/stampamoldes.com\/site\/wp-json\/wp\/v2\/pages"}],"about":[{"href":"https:\/\/stampamoldes.com\/site\/wp-json\/wp\/v2\/types\/page"}],"author":[{"embeddable":true,"href":"https:\/\/stampamoldes.com\/site\/wp-json\/wp\/v2\/users\/1"}],"replies":[{"embeddable":true,"href":"https:\/\/stampamoldes.com\/site\/wp-json\/wp\/v2\/comments?post=173"}],"version-history":[{"count":17,"href":"https:\/\/stampamoldes.com\/site\/wp-json\/wp\/v2\/pages\/173\/revisions"}],"predecessor-version":[{"id":1158,"href":"https:\/\/stampamoldes.com\/site\/wp-json\/wp\/v2\/pages\/173\/revisions\/1158"}],"wp:attachment":[{"href":"https:\/\/stampamoldes.com\/site\/wp-json\/wp\/v2\/media?parent=173"}],"curies":[{"name":"wp","href":"https:\/\/api.w.org\/{rel}","templated":true}]}}